{"id":70,"date":"2021-04-05T12:33:02","date_gmt":"2021-04-05T15:33:02","guid":{"rendered":"https:\/\/omestregeleieiro.wordpress.com\/?page_id=9"},"modified":"2024-03-25T09:04:00","modified_gmt":"2024-03-25T12:04:00","slug":"about","status":"publish","type":"page","link":"https:\/\/omestregeleieiro.com.br\/?page_id=70","title":{"rendered":"Sobre"},"content":{"rendered":"\n<p><\/p>\n\n\n\n<div style=\"height:1px\" aria-hidden=\"true\" class=\"wp-block-spacer\"><\/div>\n\n\n\n<div class=\"wp-block-group alignfull\"><div class=\"wp-block-group__inner-container is-layout-flow wp-block-group-is-layout-flow\">\n<div class=\"wp-block-jetpack-layout-grid alignfull column1-desktop-grid__span-1 column1-desktop-grid__row-1 column2-desktop-grid__span-11 column2-desktop-grid__start-2 column2-desktop-grid__row-1 column1-tablet-grid__span-3 column1-tablet-grid__row-1 column2-tablet-grid__span-5 column2-tablet-grid__start-4 column2-tablet-grid__row-1 column1-mobile-grid__span-4 column1-mobile-grid__row-1 column2-mobile-grid__span-4 column2-mobile-grid__row-2\">\n<div class=\"wp-block-jetpack-layout-grid-column wp-block-jetpack-layout-grid__padding-none\"><\/div>\n\n\n\n<div class=\"wp-block-jetpack-layout-grid-column wp-block-jetpack-layout-grid__padding-none\">\n<h2 class=\"wp-block-heading\" id=\"o-mestre-geleieiro\">o mestre geleieiro<\/h2>\n\n\n\n<figure class=\"wp-block-image size-large is-resized is-style-circle-mask is-style-default\"><img data-recalc-dims=\"1\" loading=\"lazy\" decoding=\"async\" width=\"1000\" height=\"667\" src=\"https:\/\/i0.wp.com\/omestregeleieiro.com.br\/wp-content\/uploads\/2021\/09\/OS380_Lote1_14jun_BPE_Vivian_Emporuim_FF_200-91.jpg?resize=1000%2C667\" alt=\"\" class=\"wp-image-132\" style=\"width:782px;height:520px\" srcset=\"https:\/\/i0.wp.com\/omestregeleieiro.com.br\/wp-content\/uploads\/2021\/09\/OS380_Lote1_14jun_BPE_Vivian_Emporuim_FF_200-91-scaled.jpg?resize=1024%2C683&amp;ssl=1 1024w, https:\/\/i0.wp.com\/omestregeleieiro.com.br\/wp-content\/uploads\/2021\/09\/OS380_Lote1_14jun_BPE_Vivian_Emporuim_FF_200-91-scaled.jpg?resize=300%2C200&amp;ssl=1 300w, https:\/\/i0.wp.com\/omestregeleieiro.com.br\/wp-content\/uploads\/2021\/09\/OS380_Lote1_14jun_BPE_Vivian_Emporuim_FF_200-91-scaled.jpg?resize=768%2C512&amp;ssl=1 768w, https:\/\/i0.wp.com\/omestregeleieiro.com.br\/wp-content\/uploads\/2021\/09\/OS380_Lote1_14jun_BPE_Vivian_Emporuim_FF_200-91-scaled.jpg?resize=1536%2C1024&amp;ssl=1 1536w, https:\/\/i0.wp.com\/omestregeleieiro.com.br\/wp-content\/uploads\/2021\/09\/OS380_Lote1_14jun_BPE_Vivian_Emporuim_FF_200-91-scaled.jpg?resize=2048%2C1365&amp;ssl=1 2048w, https:\/\/i0.wp.com\/omestregeleieiro.com.br\/wp-content\/uploads\/2021\/09\/OS380_Lote1_14jun_BPE_Vivian_Emporuim_FF_200-91-scaled.jpg?resize=960%2C640&amp;ssl=1 960w, https:\/\/i0.wp.com\/omestregeleieiro.com.br\/wp-content\/uploads\/2021\/09\/OS380_Lote1_14jun_BPE_Vivian_Emporuim_FF_200-91-scaled.jpg?resize=450%2C300&amp;ssl=1 450w\" sizes=\"auto, (max-width: 1000px) 100vw, 1000px\" \/><figcaption class=\"wp-element-caption\">Foto: Fl\u00e1vio Florido \/ Ricardo Yoithi Matsukawa &#8211; ME<\/figcaption><\/figure>\n\n\n\n<p>Ol\u00e1, eu sou Jorge Gon\u00e7alves, paulistano, arquiteto e h\u00e1 mais de 10 anos descobri uma nova paix\u00e3o pela qual venho estudando, analisando, criando, testando, produzindo e a partir de agora vou compartilhar com voc\u00eas: GELEIAS!<\/p>\n\n\n\n<p>O prop\u00f3sito \u00e9 ensinar, mas tenho certeza que vou aprender, e muito! Ser\u00e1 uma troca de experi\u00eancias enriquecedora, onde juntos vamos desvendar todos os segredos e curiosidades!<\/p>\n\n\n\n<p>Al\u00e9m de aprender o que \u00e9 uma geleia, como reconhecer os tipos, sabores, texturas, m\u00e9todos de produ\u00e7\u00e3o, frutas, insumos e conservantes, apresentarei os Mestres Geleieiros (pelo Brasil e pelo mundo) e suas cria\u00e7\u00f5es, produ\u00e7\u00e3o de frutas nacionais, agroturismo, fatos hist\u00f3ricos e geogr\u00e1ficos, enfim,\u00a0tudo o que for necess\u00e1rio para voc\u00ea se interar sobre tudo o que \u00e9 relacionado a esse rico universo, do come\u00e7o ao fim.<\/p>\n\n\n\n<p>Meu maior sonho \u00e9 compartilhar minha paix\u00e3o e conhecimento com uma nova gera\u00e7\u00e3o de amantes de geleias. Quero inspirar outros a descobrir a magia da preserva\u00e7\u00e3o de frutas e a valorizar os sabores aut\u00eanticos da natureza. Se eu puder deixar um legado duradouro na arte das geleias, meu prop\u00f3sito estar\u00e1 cumprido.<\/p>\n<\/div>\n<\/div>\n<\/div><\/div>\n\n\n\n<p><\/p>\n","protected":false},"excerpt":{"rendered":"<p>o mestre geleieiro Ol\u00e1, eu sou Jorge Gon\u00e7alves, paulistano, arquiteto e h\u00e1 mais de 10 anos descobri uma nova paix\u00e3o pela qual venho estudando, analisando, criando, testando, produzindo e a partir de agora vou compartilhar com voc\u00eas: GELEIAS! O prop\u00f3sito \u00e9 ensinar, mas tenho certeza que vou aprender, e muito! Ser\u00e1 uma troca de experi\u00eancias&#8230; <\/p>\n<div class=\"link-more\"><a href=\"https:\/\/omestregeleieiro.com.br\/?page_id=70\">Leia mais<\/a><\/div>\n","protected":false},"author":1,"featured_media":0,"parent":0,"menu_order":0,"comment_status":"closed","ping_status":"closed","template":"","meta":{"footnotes":""},"class_list":["post-70","page","type-page","status-publish","hentry"],"jetpack_sharing_enabled":false,"_links":{"self":[{"href":"https:\/\/omestregeleieiro.com.br\/index.php?rest_route=\/wp\/v2\/pages\/70","targetHints":{"allow":["GET"]}}],"collection":[{"href":"https:\/\/omestregeleieiro.com.br\/index.php?rest_route=\/wp\/v2\/pages"}],"about":[{"href":"https:\/\/omestregeleieiro.com.br\/index.php?rest_route=\/wp\/v2\/types\/page"}],"author":[{"embeddable":true,"href":"https:\/\/omestregeleieiro.com.br\/index.php?rest_route=\/wp\/v2\/users\/1"}],"replies":[{"embeddable":true,"href":"https:\/\/omestregeleieiro.com.br\/index.php?rest_route=%2Fwp%2Fv2%2Fcomments&post=70"}],"version-history":[{"count":9,"href":"https:\/\/omestregeleieiro.com.br\/index.php?rest_route=\/wp\/v2\/pages\/70\/revisions"}],"predecessor-version":[{"id":2958,"href":"https:\/\/omestregeleieiro.com.br\/index.php?rest_route=\/wp\/v2\/pages\/70\/revisions\/2958"}],"wp:attachment":[{"href":"https:\/\/omestregeleieiro.com.br\/index.php?rest_route=%2Fwp%2Fv2%2Fmedia&parent=70"}],"curies":[{"name":"wp","href":"https:\/\/api.w.org\/{rel}","templated":true}]}}